{"id":2196,"date":"2023-03-30T08:12:29","date_gmt":"2023-03-30T08:12:29","guid":{"rendered":"https:\/\/lab.dariah.pl\/?page_id=2196"},"modified":"2023-11-14T15:17:01","modified_gmt":"2023-11-14T15:17:01","slug":"multico","status":"publish","type":"page","link":"https:\/\/lab.dariah.pl\/en\/amu-modules\/multico\/","title":{"rendered":"MultiCo"},"content":{"rendered":"\n<div class=\"wp-block-cover alignfull\"><span aria-hidden=\"true\" class=\"wp-block-cover__background has-background-dim\"><\/span><img loading=\"lazy\" decoding=\"async\" width=\"2560\" height=\"1042\" class=\"wp-block-cover__image-background wp-image-633\" alt=\"\" src=\"https:\/\/lab.dariah.pl\/wp-content\/uploads\/2021\/05\/AdobeStock_280443923-scaled.jpeg\" data-object-fit=\"cover\" srcset=\"https:\/\/lab.dariah.pl\/wp-content\/uploads\/2021\/05\/AdobeStock_280443923-scaled.jpeg 2560w, https:\/\/lab.dariah.pl\/wp-content\/uploads\/2021\/05\/AdobeStock_280443923-300x122.jpeg 300w, https:\/\/lab.dariah.pl\/wp-content\/uploads\/2021\/05\/AdobeStock_280443923-1024x417.jpeg 1024w, https:\/\/lab.dariah.pl\/wp-content\/uploads\/2021\/05\/AdobeStock_280443923-768x313.jpeg 768w, https:\/\/lab.dariah.pl\/wp-content\/uploads\/2021\/05\/AdobeStock_280443923-1536x625.jpeg 1536w, https:\/\/lab.dariah.pl\/wp-content\/uploads\/2021\/05\/AdobeStock_280443923-2048x834.jpeg 2048w\" sizes=\"auto, (max-width: 2560px) 100vw, 2560px\" \/><div class=\"wp-block-cover__inner-container is-layout-flow wp-block-cover-is-layout-flow\">\n<p class=\"has-text-align-left w900 has-large-font-size\">MultiCo<\/p>\n<\/div><\/div>\n\n\n\n<div class=\"wp-block-group alignwide\"><div class=\"wp-block-group__inner-container is-layout-flow wp-block-group-is-layout-flow\"><div class=\"breadcrumb\"><a href=\"https:\/\/lab.dariah.pl\">Start<\/a> \/ <a href=\"https:\/\/lab.dariah.pl\/en\/amu-modules\/\">AMU modules<\/a> \/ <strong>MultiCo<\/strong><\/div>\n<\/div><\/div>\n\n\n\n<h1 class=\"wp-block-heading\">MultiCo &#8211; multimodal resources, or a holistic approach to interpersonal communication<\/h1>\n\n\n\n<p><strong>AMU Faculty of Modern Languages and Literatures<\/strong><\/p>\n\n\n\n<p>The MultiCo multimodal corpus and the multimodal recording studio are developed at the Faculty of Modern Languages of the Adam Mickiewicz University in Pozna\u0144. The coordinator of the module is prof. Maciej Karpinski. The resources include a collection of audio and video recordings with a multilayer description of speech, gesture and body movement. The speaking styles include: conference recordings, parliamentary speeches and television conversations about sport, as well as task-oriented dialogues. Thanks to the funds from the DARIAH.Lab project, a professional studio was equipped to record multimodal data at Collegium Novum UAM, at al. Niepodleg\u0142o\u015bci 4 in Pozna\u0144.<\/p>\n\n\n\n<details class=\"wp-block-details is-layout-flow wp-block-details-is-layout-flow\"><summary><strong>MultiCo laboratory<\/strong><\/summary>\n<ul class=\"wp-block-list\">\n<li>infrastructure for research on multimodality in communication<\/li>\n\n\n\n<li>multichannel sound recording with different microphones (headsets, lavalier, on stands; condenser and dynamic) or from other analogue and digital sources, with maximum sampling frequency 192 kHz and 32-bit resolution (Cubase Professional);<\/li>\n\n\n\n<li>processing and analysis of sounds, in particular speech, using software such as WaveLab, Cubase Professional, Praat, AnnotationPro and others;<\/li>\n\n\n\n<li>annotation of sound and video materials: AnnotationPro, Praat, ELAN;<\/li>\n\n\n\n<li>recording videos using 4k and HD cameras, also with an increased frame rate; image preview and recording also directly on the computer;<\/li>\n\n\n\n<li>recording and parametrization of movement using cameras with depth sensors Kinect 2 and Kinect Azure, compatible with the iPi Recorder and iPi Studio;<\/li>\n\n\n\n<li>video editing (Blackmagic DaVinci Resolve Studio software and Speed Editor console);<\/li>\n\n\n\n<li>body movement analysis (iPi BioMech system);<\/li>\n\n\n\n<li>IT infrastructure for the collection, storage and sharing of data and metadata: CorpusMINI.<\/li>\n<\/ul>\n<\/details>\n\n\n\n<details class=\"wp-block-details is-layout-flow wp-block-details-is-layout-flow\"><summary><strong>MultiCo multimodal corpus<\/strong><\/summary>\n<ul class=\"wp-block-list\">\n<li>A collection of audio and video recordings with annotations (including transcripts and description of selected gestural elements)<\/li>\n\n\n\n<li>The MultiCo corpus has three components:\n<ul class=\"wp-block-list\">\n<li>MULTICO Persuasion \u2013 persuasive speeches, such as TEDex motivational talks, parliament speeches<\/li>\n\n\n\n<li>MULTICO Task \u2013 task-related dialogues based on specially designed tasks which require both speakers to be active and engaged<\/li>\n\n\n\n<li>MULTICO Sport \u2013 polylogues (discussions in TV sports programmes)<\/li>\n<\/ul>\n<\/li>\n\n\n\n<li>The corpus includes about 15 hours of films, with an orthographic transcription and an additional multi-layer description, including among others phonemic transcription (with segmentation); a significant proportion of the films are also accompanied with descriptions of gestures or movement (e.g. boundaries of gesture phrases for hand gestures, head movements).<\/li>\n<\/ul>\n<\/details>\n\n\n\n<details class=\"wp-block-details is-layout-flow wp-block-details-is-layout-flow\"><summary><strong>Who is it for?<\/strong><\/summary>\n<ul class=\"wp-block-list\">\n<li>anyone whose job involves public speaking (MulticCo can help analyse the effectiveness of available rhetorical devices, and increase own persuasion skills);<\/li>\n\n\n\n<li>trainers in interpersonal communication courses;<\/li>\n\n\n\n<li>managers who seek to analyse and improve communicative processes at work;<\/li>\n\n\n\n<li>creators of avatars \u2013 animated pictures of persons in a user interface (e.g. a museum guide or a ticket agent at a railway station);<\/li>\n\n\n\n<li>producers of speech recognition and dialogue systems;<\/li>\n\n\n\n<li>researchers interested in spoken language and the role of facial expressions and gestures in language communication (e.g. linguists, phoneticians, psychologists, sociologists);<\/li>\n\n\n\n<li>institutions responsible for safety, including the police: expert opinions based on speech analysis and the analysis of the speaker\u2019s movements;<\/li>\n\n\n\n<li>artists interested in speech recording, processing, synthesis and analysis;<\/li>\n\n\n\n<li>artists interested in movement analysis and reconstruction.<\/li>\n<\/ul>\n<\/details>\n\n\n\n<p><strong>Name and contact details of the module coordinator<\/strong><br>Associate Professor Maciej Karpi\u0144ski (<a href=\"mailto:maciej.karpinski@amu.edu.pl\">maciej.karpinski@amu.edu.pl<\/a>)<\/p>\n\n\n\n<figure class=\"wp-block-gallery has-nested-images columns-3 is-cropped has-white-background-color has-background wp-block-gallery-1 is-layout-flex wp-block-gallery-is-layout-flex\">\n<figure class=\"wp-block-image size-large is-style-default\"><a href=\"https:\/\/lab.dariah.pl\/wp-content\/uploads\/2023\/07\/prof-Maciej-Karpinski-laboratorium-5.jpg\" target=\"_blank\" rel=\"noreferrer noopener\"><img loading=\"lazy\" decoding=\"async\" width=\"1024\" height=\"683\" data-id=\"2322\" src=\"https:\/\/lab.dariah.pl\/wp-content\/uploads\/2023\/07\/prof-Maciej-Karpinski-laboratorium-5-1024x683.jpg\" alt=\"\" class=\"wp-image-2322\" srcset=\"https:\/\/lab.dariah.pl\/wp-content\/uploads\/2023\/07\/prof-Maciej-Karpinski-laboratorium-5-1024x683.jpg 1024w, https:\/\/lab.dariah.pl\/wp-content\/uploads\/2023\/07\/prof-Maciej-Karpinski-laboratorium-5-300x200.jpg 300w, https:\/\/lab.dariah.pl\/wp-content\/uploads\/2023\/07\/prof-Maciej-Karpinski-laboratorium-5-768x512.jpg 768w, https:\/\/lab.dariah.pl\/wp-content\/uploads\/2023\/07\/prof-Maciej-Karpinski-laboratorium-5-1536x1024.jpg 1536w, https:\/\/lab.dariah.pl\/wp-content\/uploads\/2023\/07\/prof-Maciej-Karpinski-laboratorium-5.jpg 1600w\" sizes=\"auto, (max-width: 1024px) 100vw, 1024px\" \/><\/a><\/figure>\n\n\n\n<figure class=\"wp-block-image size-large\"><a href=\"https:\/\/lab.dariah.pl\/wp-content\/uploads\/2023\/07\/prof-Maciej-Karpinski-laboratorium-7.jpg\" target=\"_blank\" rel=\"noreferrer noopener\"><img loading=\"lazy\" decoding=\"async\" width=\"1024\" height=\"683\" data-id=\"2323\" src=\"https:\/\/lab.dariah.pl\/wp-content\/uploads\/2023\/07\/prof-Maciej-Karpinski-laboratorium-7-1024x683.jpg\" alt=\"\" class=\"wp-image-2323\" srcset=\"https:\/\/lab.dariah.pl\/wp-content\/uploads\/2023\/07\/prof-Maciej-Karpinski-laboratorium-7-1024x683.jpg 1024w, https:\/\/lab.dariah.pl\/wp-content\/uploads\/2023\/07\/prof-Maciej-Karpinski-laboratorium-7-300x200.jpg 300w, https:\/\/lab.dariah.pl\/wp-content\/uploads\/2023\/07\/prof-Maciej-Karpinski-laboratorium-7-768x512.jpg 768w, https:\/\/lab.dariah.pl\/wp-content\/uploads\/2023\/07\/prof-Maciej-Karpinski-laboratorium-7-1536x1024.jpg 1536w, https:\/\/lab.dariah.pl\/wp-content\/uploads\/2023\/07\/prof-Maciej-Karpinski-laboratorium-7.jpg 1600w\" sizes=\"auto, (max-width: 1024px) 100vw, 1024px\" \/><\/a><\/figure>\n\n\n\n<figure class=\"wp-block-image size-large\"><a href=\"https:\/\/lab.dariah.pl\/wp-content\/uploads\/2023\/07\/prof-Maciej-Karpinski-laboratorium-2.jpg\" target=\"_blank\" rel=\"noreferrer noopener\"><img loading=\"lazy\" decoding=\"async\" width=\"1024\" height=\"683\" data-id=\"2324\" src=\"https:\/\/lab.dariah.pl\/wp-content\/uploads\/2023\/07\/prof-Maciej-Karpinski-laboratorium-2-1024x683.jpg\" alt=\"\" class=\"wp-image-2324\" srcset=\"https:\/\/lab.dariah.pl\/wp-content\/uploads\/2023\/07\/prof-Maciej-Karpinski-laboratorium-2-1024x683.jpg 1024w, https:\/\/lab.dariah.pl\/wp-content\/uploads\/2023\/07\/prof-Maciej-Karpinski-laboratorium-2-300x200.jpg 300w, https:\/\/lab.dariah.pl\/wp-content\/uploads\/2023\/07\/prof-Maciej-Karpinski-laboratorium-2-768x512.jpg 768w, https:\/\/lab.dariah.pl\/wp-content\/uploads\/2023\/07\/prof-Maciej-Karpinski-laboratorium-2-1536x1024.jpg 1536w, https:\/\/lab.dariah.pl\/wp-content\/uploads\/2023\/07\/prof-Maciej-Karpinski-laboratorium-2.jpg 1600w\" sizes=\"auto, (max-width: 1024px) 100vw, 1024px\" \/><\/a><\/figure>\n<\/figure>\n","protected":false},"excerpt":{"rendered":"<p>MultiCo &#8211; multimodal resources, or a holistic approach to interpersonal communication AMU Faculty of Modern Languages and Literatures The MultiCo multimodal corpus and the multimodal recording studio are developed at [&hellip;]<\/p>\n","protected":false},"author":5,"featured_media":0,"parent":2191,"menu_order":1,"comment_status":"closed","ping_status":"closed","template":"","meta":{"_locale":"en_US","_original_post":"https:\/\/lab.dariah.pl\/?page_id=2193","footnotes":""},"class_list":["post-2196","page","type-page","status-publish","hentry","en-US"],"yoast_head":"<!-- This site is optimized with the Yoast SEO plugin v27.5 - https:\/\/yoast.com\/product\/yoast-seo-wordpress\/ -->\n<title>MultiCo - Dariah.lab<\/title>\n<meta name=\"robots\" content=\"index, follow, max-snippet:-1, max-image-preview:large, max-video-preview:-1\" \/>\n<link rel=\"canonical\" href=\"https:\/\/lab.dariah.pl\/en\/amu-modules\/multico\/\" \/>\n<meta property=\"og:locale\" content=\"en_US\" \/>\n<meta property=\"og:type\" content=\"article\" \/>\n<meta property=\"og:title\" content=\"MultiCo - Dariah.lab\" \/>\n<meta property=\"og:description\" content=\"MultiCo &#8211; multimodal resources, or a holistic approach to interpersonal communication AMU Faculty of Modern Languages and Literatures The MultiCo multimodal corpus and the multimodal recording studio are developed at [&hellip;]\" \/>\n<meta property=\"og:url\" content=\"https:\/\/lab.dariah.pl\/en\/amu-modules\/multico\/\" \/>\n<meta property=\"og:site_name\" content=\"Dariah.lab\" \/>\n<meta property=\"article:modified_time\" content=\"2023-11-14T15:17:01+00:00\" \/>\n<meta property=\"og:image\" content=\"https:\/\/lab.dariah.pl\/wp-content\/uploads\/2021\/05\/AdobeStock_280443923-scaled.jpeg\" \/>\n<meta name=\"twitter:card\" content=\"summary_large_image\" \/>\n<meta name=\"twitter:label1\" content=\"Est. reading time\" \/>\n\t<meta name=\"twitter:data1\" content=\"4 minutes\" \/>\n<script type=\"application\/ld+json\" class=\"yoast-schema-graph\">{\"@context\":\"https:\\\/\\\/schema.org\",\"@graph\":[{\"@type\":\"WebPage\",\"@id\":\"https:\\\/\\\/lab.dariah.pl\\\/en\\\/amu-modules\\\/multico\\\/\",\"url\":\"https:\\\/\\\/lab.dariah.pl\\\/en\\\/amu-modules\\\/multico\\\/\",\"name\":\"MultiCo - Dariah.lab\",\"isPartOf\":{\"@id\":\"https:\\\/\\\/lab.dariah.pl\\\/#website\"},\"primaryImageOfPage\":{\"@id\":\"https:\\\/\\\/lab.dariah.pl\\\/en\\\/amu-modules\\\/multico\\\/#primaryimage\"},\"image\":{\"@id\":\"https:\\\/\\\/lab.dariah.pl\\\/en\\\/amu-modules\\\/multico\\\/#primaryimage\"},\"thumbnailUrl\":\"https:\\\/\\\/lab.dariah.pl\\\/wp-content\\\/uploads\\\/2021\\\/05\\\/AdobeStock_280443923-scaled.jpeg\",\"datePublished\":\"2023-03-30T08:12:29+00:00\",\"dateModified\":\"2023-11-14T15:17:01+00:00\",\"breadcrumb\":{\"@id\":\"https:\\\/\\\/lab.dariah.pl\\\/en\\\/amu-modules\\\/multico\\\/#breadcrumb\"},\"inLanguage\":\"en-US\",\"potentialAction\":[{\"@type\":\"ReadAction\",\"target\":[\"https:\\\/\\\/lab.dariah.pl\\\/en\\\/amu-modules\\\/multico\\\/\"]}]},{\"@type\":\"ImageObject\",\"inLanguage\":\"en-US\",\"@id\":\"https:\\\/\\\/lab.dariah.pl\\\/en\\\/amu-modules\\\/multico\\\/#primaryimage\",\"url\":\"https:\\\/\\\/lab.dariah.pl\\\/wp-content\\\/uploads\\\/2021\\\/05\\\/AdobeStock_280443923-scaled.jpeg\",\"contentUrl\":\"https:\\\/\\\/lab.dariah.pl\\\/wp-content\\\/uploads\\\/2021\\\/05\\\/AdobeStock_280443923-scaled.jpeg\",\"width\":2560,\"height\":1042,\"caption\":\"Led Light. Future tech. Shine dynamic scene. Neon flare. Colorful rays. Magic moving fast lines. Sparkling studio. Hologram display. Mystic beam. Stylish fantasy space. Bright blurred waves.\"},{\"@type\":\"BreadcrumbList\",\"@id\":\"https:\\\/\\\/lab.dariah.pl\\\/en\\\/amu-modules\\\/multico\\\/#breadcrumb\",\"itemListElement\":[{\"@type\":\"ListItem\",\"position\":1,\"name\":\"Home\",\"item\":\"https:\\\/\\\/lab.dariah.pl\\\/en\\\/\"},{\"@type\":\"ListItem\",\"position\":2,\"name\":\"AMU modules\",\"item\":\"https:\\\/\\\/lab.dariah.pl\\\/en\\\/amu-modules\\\/\"},{\"@type\":\"ListItem\",\"position\":3,\"name\":\"MultiCo\"}]},{\"@type\":\"WebSite\",\"@id\":\"https:\\\/\\\/lab.dariah.pl\\\/#website\",\"url\":\"https:\\\/\\\/lab.dariah.pl\\\/\",\"name\":\"Dariah.lab\",\"description\":\"\",\"publisher\":{\"@id\":\"https:\\\/\\\/lab.dariah.pl\\\/#organization\"},\"potentialAction\":[{\"@type\":\"SearchAction\",\"target\":{\"@type\":\"EntryPoint\",\"urlTemplate\":\"https:\\\/\\\/lab.dariah.pl\\\/?s={search_term_string}\"},\"query-input\":{\"@type\":\"PropertyValueSpecification\",\"valueRequired\":true,\"valueName\":\"search_term_string\"}}],\"inLanguage\":\"en-US\"},{\"@type\":\"Organization\",\"@id\":\"https:\\\/\\\/lab.dariah.pl\\\/#organization\",\"name\":\"Dariah.lab\",\"url\":\"https:\\\/\\\/lab.dariah.pl\\\/\",\"logo\":{\"@type\":\"ImageObject\",\"inLanguage\":\"en-US\",\"@id\":\"https:\\\/\\\/lab.dariah.pl\\\/#\\\/schema\\\/logo\\\/image\\\/\",\"url\":\"https:\\\/\\\/lab.dariah.pl\\\/wp-content\\\/uploads\\\/2021\\\/04\\\/logo-1.png\",\"contentUrl\":\"https:\\\/\\\/lab.dariah.pl\\\/wp-content\\\/uploads\\\/2021\\\/04\\\/logo-1.png\",\"width\":181,\"height\":33,\"caption\":\"Dariah.lab\"},\"image\":{\"@id\":\"https:\\\/\\\/lab.dariah.pl\\\/#\\\/schema\\\/logo\\\/image\\\/\"}}]}<\/script>\n<!-- \/ Yoast SEO plugin. -->","yoast_head_json":{"title":"MultiCo - Dariah.lab","robots":{"index":"index","follow":"follow","max-snippet":"max-snippet:-1","max-image-preview":"max-image-preview:large","max-video-preview":"max-video-preview:-1"},"canonical":"https:\/\/lab.dariah.pl\/en\/amu-modules\/multico\/","og_locale":"en_US","og_type":"article","og_title":"MultiCo - Dariah.lab","og_description":"MultiCo &#8211; multimodal resources, or a holistic approach to interpersonal communication AMU Faculty of Modern Languages and Literatures The MultiCo multimodal corpus and the multimodal recording studio are developed at [&hellip;]","og_url":"https:\/\/lab.dariah.pl\/en\/amu-modules\/multico\/","og_site_name":"Dariah.lab","article_modified_time":"2023-11-14T15:17:01+00:00","og_image":[{"url":"https:\/\/lab.dariah.pl\/wp-content\/uploads\/2021\/05\/AdobeStock_280443923-scaled.jpeg","type":"","width":"","height":""}],"twitter_card":"summary_large_image","twitter_misc":{"Est. reading time":"4 minutes"},"schema":{"@context":"https:\/\/schema.org","@graph":[{"@type":"WebPage","@id":"https:\/\/lab.dariah.pl\/en\/amu-modules\/multico\/","url":"https:\/\/lab.dariah.pl\/en\/amu-modules\/multico\/","name":"MultiCo - Dariah.lab","isPartOf":{"@id":"https:\/\/lab.dariah.pl\/#website"},"primaryImageOfPage":{"@id":"https:\/\/lab.dariah.pl\/en\/amu-modules\/multico\/#primaryimage"},"image":{"@id":"https:\/\/lab.dariah.pl\/en\/amu-modules\/multico\/#primaryimage"},"thumbnailUrl":"https:\/\/lab.dariah.pl\/wp-content\/uploads\/2021\/05\/AdobeStock_280443923-scaled.jpeg","datePublished":"2023-03-30T08:12:29+00:00","dateModified":"2023-11-14T15:17:01+00:00","breadcrumb":{"@id":"https:\/\/lab.dariah.pl\/en\/amu-modules\/multico\/#breadcrumb"},"inLanguage":"en-US","potentialAction":[{"@type":"ReadAction","target":["https:\/\/lab.dariah.pl\/en\/amu-modules\/multico\/"]}]},{"@type":"ImageObject","inLanguage":"en-US","@id":"https:\/\/lab.dariah.pl\/en\/amu-modules\/multico\/#primaryimage","url":"https:\/\/lab.dariah.pl\/wp-content\/uploads\/2021\/05\/AdobeStock_280443923-scaled.jpeg","contentUrl":"https:\/\/lab.dariah.pl\/wp-content\/uploads\/2021\/05\/AdobeStock_280443923-scaled.jpeg","width":2560,"height":1042,"caption":"Led Light. Future tech. Shine dynamic scene. Neon flare. Colorful rays. Magic moving fast lines. Sparkling studio. Hologram display. Mystic beam. Stylish fantasy space. Bright blurred waves."},{"@type":"BreadcrumbList","@id":"https:\/\/lab.dariah.pl\/en\/amu-modules\/multico\/#breadcrumb","itemListElement":[{"@type":"ListItem","position":1,"name":"Home","item":"https:\/\/lab.dariah.pl\/en\/"},{"@type":"ListItem","position":2,"name":"AMU modules","item":"https:\/\/lab.dariah.pl\/en\/amu-modules\/"},{"@type":"ListItem","position":3,"name":"MultiCo"}]},{"@type":"WebSite","@id":"https:\/\/lab.dariah.pl\/#website","url":"https:\/\/lab.dariah.pl\/","name":"Dariah.lab","description":"","publisher":{"@id":"https:\/\/lab.dariah.pl\/#organization"},"potentialAction":[{"@type":"SearchAction","target":{"@type":"EntryPoint","urlTemplate":"https:\/\/lab.dariah.pl\/?s={search_term_string}"},"query-input":{"@type":"PropertyValueSpecification","valueRequired":true,"valueName":"search_term_string"}}],"inLanguage":"en-US"},{"@type":"Organization","@id":"https:\/\/lab.dariah.pl\/#organization","name":"Dariah.lab","url":"https:\/\/lab.dariah.pl\/","logo":{"@type":"ImageObject","inLanguage":"en-US","@id":"https:\/\/lab.dariah.pl\/#\/schema\/logo\/image\/","url":"https:\/\/lab.dariah.pl\/wp-content\/uploads\/2021\/04\/logo-1.png","contentUrl":"https:\/\/lab.dariah.pl\/wp-content\/uploads\/2021\/04\/logo-1.png","width":181,"height":33,"caption":"Dariah.lab"},"image":{"@id":"https:\/\/lab.dariah.pl\/#\/schema\/logo\/image\/"}}]}},"meta_box":[],"_links":{"self":[{"href":"https:\/\/lab.dariah.pl\/wp-json\/wp\/v2\/pages\/2196","targetHints":{"allow":["GET"]}}],"collection":[{"href":"https:\/\/lab.dariah.pl\/wp-json\/wp\/v2\/pages"}],"about":[{"href":"https:\/\/lab.dariah.pl\/wp-json\/wp\/v2\/types\/page"}],"author":[{"embeddable":true,"href":"https:\/\/lab.dariah.pl\/wp-json\/wp\/v2\/users\/5"}],"replies":[{"embeddable":true,"href":"https:\/\/lab.dariah.pl\/wp-json\/wp\/v2\/comments?post=2196"}],"version-history":[{"count":8,"href":"https:\/\/lab.dariah.pl\/wp-json\/wp\/v2\/pages\/2196\/revisions"}],"predecessor-version":[{"id":2696,"href":"https:\/\/lab.dariah.pl\/wp-json\/wp\/v2\/pages\/2196\/revisions\/2696"}],"up":[{"embeddable":true,"href":"https:\/\/lab.dariah.pl\/wp-json\/wp\/v2\/pages\/2191"}],"wp:attachment":[{"href":"https:\/\/lab.dariah.pl\/wp-json\/wp\/v2\/media?parent=2196"}],"curies":[{"name":"wp","href":"https:\/\/api.w.org\/{rel}","templated":true}]}}