{"id":2288,"date":"2023-07-14T11:17:46","date_gmt":"2023-07-14T11:17:46","guid":{"rendered":"https:\/\/lab.dariah.pl\/?page_id=2288"},"modified":"2023-10-02T07:16:31","modified_gmt":"2023-10-02T07:16:31","slug":"konferencja","status":"publish","type":"page","link":"https:\/\/lab.dariah.pl\/en\/konferencja\/","title":{"rendered":"Konferencja"},"content":{"rendered":"\n<div class=\"wp-block-cover alignfull\"><span aria-hidden=\"true\" class=\"wp-block-cover__background has-background-dim-0 has-background-dim\"><\/span><img loading=\"lazy\" decoding=\"async\" width=\"2560\" height=\"896\" class=\"wp-block-cover__image-background wp-image-2295\" alt=\"\" src=\"https:\/\/lab.dariah.pl\/wp-content\/uploads\/2023\/07\/Naglowek-Konferencja-1.png\" data-object-fit=\"cover\" srcset=\"https:\/\/lab.dariah.pl\/wp-content\/uploads\/2023\/07\/Naglowek-Konferencja-1.png 2560w, https:\/\/lab.dariah.pl\/wp-content\/uploads\/2023\/07\/Naglowek-Konferencja-1-300x105.png 300w, https:\/\/lab.dariah.pl\/wp-content\/uploads\/2023\/07\/Naglowek-Konferencja-1-1024x358.png 1024w, https:\/\/lab.dariah.pl\/wp-content\/uploads\/2023\/07\/Naglowek-Konferencja-1-768x269.png 768w, https:\/\/lab.dariah.pl\/wp-content\/uploads\/2023\/07\/Naglowek-Konferencja-1-1536x538.png 1536w, https:\/\/lab.dariah.pl\/wp-content\/uploads\/2023\/07\/Naglowek-Konferencja-1-2048x717.png 2048w\" sizes=\"auto, (max-width: 2560px) 100vw, 2560px\" \/><div class=\"wp-block-cover__inner-container is-layout-flow wp-block-cover-is-layout-flow\">\n<p class=\"w900 has-huge-font-size\"><\/p>\n<\/div><\/div>\n\n\n<div class=\"breadcrumb\"><a href=\"https:\/\/lab.dariah.pl\">Start<\/a> \/ <strong>Konferencja<\/strong><\/div>\n\n\n\n<h1 class=\"wp-block-heading\">Konferencja projektu DARIAH-PL<\/h1>\n\n\n\n<h2 class=\"wp-block-heading\">Dariah.lab \u2013 cyfrowa infrastruktura badawcza dla humanistyki i nauk o sztuce<\/h2>\n\n\n\n<p class=\"has-medium-font-size\">18 &#8211; 19 pa\u017adziernika 2023 r. <\/p>\n\n\n\n<p>Konferencja wie\u0144cz\u0105ca projekt DARIAH-PL odb\u0119dzie si\u0119 w Centrum Badawczym Polskiego Internetu Optycznego &#8211; siedzibie Pozna\u0144skiego Centrum Superkomputerowo-Sieciowego  w Poznaniu, w dniach 18- 19 pa\u017adziernika 2023 r. <\/p>\n\n\n\n<p>Konferencja b\u0119dzie okazj\u0105 do podsumowania trwaj\u0105cej trzy lata realizacji projektu oraz zaprezentowania jego rezultat\u00f3w.  Uczestnicy b\u0119d\u0105 mogli zapozna\u0107 si\u0119 z rozwi\u0105zaniami i zasobami opracowanymi w r\u00f3\u017cnych obszarach humanistyki i nauk o sztuce, jak r\u00f3wnie\u017c z infrastruktur\u0105 Dariah.lab integruj\u0105c\u0105 te rozwi\u0105zania.<\/p>\n\n\n\n<h2 class=\"wp-block-heading\">Program konferencji<\/h2>\n\n\n\n<figure class=\"wp-block-image size-full is-resized\"><img loading=\"lazy\" decoding=\"async\" src=\"https:\/\/lab.dariah.pl\/wp-content\/uploads\/2023\/07\/CBPIO_PCSS_03_bl_pas_-1024x345-1.jpg\" alt=\"\" class=\"wp-image-2265\" style=\"width:768px;height:259px\" width=\"768\" height=\"259\" srcset=\"https:\/\/lab.dariah.pl\/wp-content\/uploads\/2023\/07\/CBPIO_PCSS_03_bl_pas_-1024x345-1.jpg 1024w, https:\/\/lab.dariah.pl\/wp-content\/uploads\/2023\/07\/CBPIO_PCSS_03_bl_pas_-1024x345-1-300x101.jpg 300w, https:\/\/lab.dariah.pl\/wp-content\/uploads\/2023\/07\/CBPIO_PCSS_03_bl_pas_-1024x345-1-768x259.jpg 768w\" sizes=\"auto, (max-width: 768px) 100vw, 768px\" \/><\/figure>\n\n\n\n<div class=\"wp-block-columns is-layout-flex wp-container-core-columns-is-layout-9d6595d7 wp-block-columns-is-layout-flex\">\n<div class=\"wp-block-column is-layout-flow wp-block-column-is-layout-flow\">\n<h3 class=\"wp-block-heading\">18 pa\u017adziernika<\/h3>\n\n\n\n<h4 class=\"wp-block-heading\">Centrum Badawcze Polskiego Internetu Badawczego  <\/h4>\n\n\n\n<p><a href=\"https:\/\/goo.gl\/maps\/PHgCbsELvJKoyERT6\" target=\"_blank\" rel=\"noreferrer noopener\"><strong>ul. Jana Paw\u0142a II 10 w Poznaniu<\/strong><\/a><\/p>\n\n\n\n<table>\n<tr><td width=25%>08:00 \u2013 09:30<\/td><td>Rejestracja<\/td><\/tr>\n<tr><td>09:30 &#8211; 10:00<\/td><td style=\"font-weight:bold;\">Powitanie<\/td><\/tr>\n<tr><td style=\"vertical-align: top;\">10:00 &#8211; 10:30<\/td><td style=\"font-weight:bold;\">Dariah.lab &#8211; cyfrowa infrastruktura badawcza dla humanistyki i nauk o sztuce<\/td><\/tr>\n<tr><td>10:30 &#8211; 10:50<\/td><td> Przerwa kawowa<\/td><\/tr>\n<tr><td>10:50 &#8211; 11:40<\/td><td style=\"font-weight:bold;\">Digitalizacja zasob\u00f3w kultury<\/td><\/tr>\n<tr><td>11:45 &#8211; 12:45<\/td><td style=\"font-weight:bold;\">Badania nad sztuk\u0105 i muzykologia<\/td><\/tr>\n<tr><td>12:45 &#8211; 14:15<\/td><td>Lunch<\/td><\/tr>\n<tr><td>14:15 &#8211; 15:20<\/td><td style=\"font-weight:bold;\">Dane o kulturze<\/td><\/tr>\n<tr><td>15:25 &#8211; 16:10<\/td><td style=\"font-weight:bold;\">Badania literaturoznawcze<\/td><\/tr>\n<tr><td>16:10 &#8211; 16:40<\/td><td>Przerwa kawowa<\/td><\/tr>\n<tr><td>16:40 &#8211; 17:30<\/td><td style=\"font-weight:bold;\">Narz\u0119dzia uniwersalne<\/td><\/tr>\n<\/table>\n\n\n\n<h4 class=\"wp-block-heading\">Concordia Design<\/h4>\n\n\n\n<p><strong><a href=\"https:\/\/goo.gl\/maps\/NhZ2KhiANidZsnCU6\" target=\"_blank\" rel=\"noreferrer noopener\">ul. Zwierzyniecka 3 w Poznaniu<\/a><\/strong><\/p>\n\n\n\n<p><strong>19:00 \u2013 Uroczysta kolacja<\/strong><\/p>\n<\/div>\n\n\n\n<div class=\"wp-block-column is-layout-flow wp-block-column-is-layout-flow\">\n<h3 class=\"wp-block-heading\">19 pa\u017adziernika<\/h3>\n\n\n\n<h4 class=\"wp-block-heading\">Centrum Badawcze Polskiego Internetu Badawczego<\/h4>\n\n\n\n<p><a href=\"https:\/\/goo.gl\/maps\/PHgCbsELvJKoyERT6\" target=\"_blank\" rel=\"noreferrer noopener\"><strong>ul. Jana Paw\u0142a II 10 w Poznaniu<\/strong><\/a><\/p>\n\n\n\n<table>\n<tr><td width=25%>09:00 &#8211; 9:30<\/td><td>Rejestracja<\/td><\/tr>\n<tr><td>09:30 &#8211; 11:15<\/td><td style=\"font-weight:bold;\">Gromadzenie i analiza zasob\u00f3w j\u0119zykowych <\/td><\/tr>\n<tr><td>11:15 &#8211; 11:45<\/td><td>Przerwa kawowa<\/td><\/tr>\n<tr><td>11:45 &#8211; 12:30<\/td><td style=\"font-weight:bold;\">Podsumowanie i plany na przysz\u0142o\u015b\u0107<\/td><\/tr>\n<tr><td>12:30 &#8211; 14:00<\/td><td>Lunch<\/td><\/tr>\n<\/table>\n<\/div>\n<\/div>\n\n\n\n<p><a href=\"https:\/\/lab.dariah.pl\/wp-content\/uploads\/2023\/10\/agenda.pdf\">Szczeg\u00f3\u0142owy program konferencji (pdf)<\/a><\/p>\n\n\n\n<p>Osoby, kt\u00f3re nie mog\u0105 uczestniczy\u0107 w konferencji, zapraszamy do<strong> \u015bledzenia transmisji wydarzenia na \u017cywo<\/strong> na kanale YouTube <a href=\"https:\/\/www.youtube.com\/@pcsspoznanskiecentrumsuper7495\" target=\"_blank\" rel=\"noreferrer noopener\">PCSS <\/a>oraz na profilach facebookowych <a href=\"https:\/\/www.facebook.com\/pcss.psnc\/?locale=pl_PL\" target=\"_blank\" rel=\"noreferrer noopener\">PCSS <\/a>i <a href=\"https:\/\/www.facebook.com\/Dariah.labs\/\" target=\"_blank\" rel=\"noreferrer noopener\">Dariah.lab<\/a>. <\/p>\n\n\n\n<h2 class=\"wp-block-heading\">Informacje praktyczne<\/h2>\n\n\n\n<h3 class=\"wp-block-heading\">Dojazd na miejsce konferencji<\/h3>\n\n\n\n<p><strong>Wjazd g\u0142\u00f3wny;<\/strong> od strony ul. Berdychowo, nale\u017cy min\u0105\u0107 budynki Politechniki Pozna\u0144skiej, jad\u0105c wzd\u0142u\u017c brzegi rzeki ulic\u0105 Jacka Rychlewskiego docieramy do ma\u0142ego ronda przy budynku; stamt\u0105d nale\u017cy kierowa\u0107 si\u0119 na kamienisty, specjalnie oznaczony parking dla go\u015bci, lub ulic\u0105 wewn\u0119trzn\u0105 wzd\u0142u\u017c budynku na zarezerwowane uprzednio miejsca postojowe dla go\u015bci.<\/p>\n\n\n\n<p><strong>Transport publiczny z Dworca G\u0142\u00f3wnego PKP\/PKS;<\/strong>&nbsp;nale\u017cy uda\u0107 si\u0119 na przystanek tramwajowy \u201ePozna\u0144 G\u0142\u00f3wny\u201d i wybra\u0107 tramwaj nr 6 w kierunku MI\u0141OSTOWO (<strong><a href=\"https:\/\/www.ztm.poznan.pl\/pl\/rozklad-jazdy\/6\/1\/2:1719-poznan-glowny?router=20230713\" target=\"_blank\" rel=\"noreferrer noopener\">rozk\u0142ad jazdy MPK<\/a><\/strong>). Nale\u017cy wysi\u0105\u015b\u0107 na przystanku \u201eBaraniaka\u201d (si\u00f3dmy z kolei przystanek), przej\u015b\u0107 na drug\u0105 stron\u0119 ulicy Jana Paw\u0142a II w kierunku p\u00f3\u0142nocnym, nast\u0119pnie przej\u015b\u0107 ulic\u0105 Jana Paw\u0142a II do budynku.<\/p>\n\n\n\n<p><strong>Transport publiczny z lotniska \u0141awica:<\/strong>&nbsp;nale\u017cy wybra\u0107 lini\u0119 autobusow\u0105 nr 159 (<strong><a href=\"https:\/\/www.ztm.poznan.pl\/pl\/rozklad-jazdy\/159\/0\/2:4251-port-lotniczy-lawica?router=20230713\">rozk\u0142ad jazdy MPK<\/a><\/strong>), kt\u00f3ra doje\u017cd\u017ca do Dworca G\u0142\u00f3wnego PKP\/PKS. Stamt\u0105d nale\u017cy uda\u0107 si\u0119 na przystanek tramwajowy \u201ePozna\u0144 G\u0142\u00f3wny\u201d i wybra\u0107 tramwaj nr 6 w kierunku MI\u0141OSTOWO (<a href=\"https:\/\/www.ztm.poznan.pl\/pl\/rozklad-jazdy\/6\/1\/2:1719-poznan-glowny?router=20230713\">rozk\u0142ad jazdy MPK<\/a>). Nale\u017cy wysi\u0105\u015b\u0107 na przystanku \u201eBaraniaka\u201d (si\u00f3dmy z kolei przystanek), przej\u015b\u0107 na drug\u0105 stron\u0119 ulicy Jana Paw\u0142a II w kierunku p\u00f3\u0142nocnym, nast\u0119pnie przej\u015b\u0107 ulic\u0105 Jana Paw\u0142a II do budynku.<\/p>\n\n\n\n<h3 class=\"wp-block-heading\">Polecane hotele<\/h3>\n\n\n\n<p><a href=\"https:\/\/purohotel.pl\/pl\/poznan\">Puro hotel ****<\/a><\/p>\n\n\n\n<p>Pozna\u0144 Stare Miasto<br>ul. Stawna 12<br>61-759 Pozna\u0144<\/p>\n\n\n\n<p><a href=\"https:\/\/www.accorhotels.com\/pl\/hotel-0525-novotel-poznan-malta\/index.shtml\">Novotel Poznan Malta hotel ***<\/a><\/p>\n\n\n\n<p>ul. Termalna 5<br>(wcze\u015bniej Warszawska 64\/66)<br>61-028 Pozna\u0144<\/p>\n\n\n\n<p><a href=\"http:\/\/www.ibis.com\/pl\/hotel-3110-ibis-poznan-stare-miasto-wczesniej-ibis-poznan-centrum\/index.shtml#overview\">Ibis hotel **<\/a><\/p>\n\n\n\n<p>ul. Kazimierza Wielkiego 23<br>61-863 Pozna\u0144<\/p>\n\n\n\n<p><a href=\"http:\/\/www.hotel-srodka.pl\/\">Hotel \u015ar\u00f3dka<\/a><\/p>\n\n\n\n<p>ul. \u015ar\u00f3dka 6<br>61-125 Pozna\u0144<\/p>\n","protected":false},"excerpt":{"rendered":"<p>Konferencja projektu DARIAH-PL Dariah.lab \u2013 cyfrowa infrastruktura badawcza dla humanistyki i nauk o sztuce 18 &#8211; 19 pa\u017adziernika 2023 r. Konferencja wie\u0144cz\u0105ca projekt DARIAH-PL odb\u0119dzie si\u0119 w Centrum Badawczym Polskiego [&hellip;]<\/p>\n","protected":false},"author":2,"featured_media":0,"parent":0,"menu_order":0,"comment_status":"closed","ping_status":"closed","template":"","meta":{"_locale":"en_US","_original_post":"https:\/\/lab.dariah.pl\/?page_id=2263","footnotes":""},"class_list":["post-2288","page","type-page","status-publish","hentry","en-US"],"yoast_head":"<!-- This site is optimized with the Yoast SEO plugin v27.3 - https:\/\/yoast.com\/product\/yoast-seo-wordpress\/ -->\n<title>Konferencja - Dariah.lab<\/title>\n<meta name=\"robots\" content=\"index, follow, max-snippet:-1, max-image-preview:large, max-video-preview:-1\" \/>\n<link rel=\"canonical\" href=\"https:\/\/lab.dariah.pl\/en\/konferencja\/\" \/>\n<meta property=\"og:locale\" content=\"en_US\" \/>\n<meta property=\"og:type\" content=\"article\" \/>\n<meta property=\"og:title\" content=\"Konferencja - Dariah.lab\" \/>\n<meta property=\"og:description\" content=\"Konferencja projektu DARIAH-PL Dariah.lab \u2013 cyfrowa infrastruktura badawcza dla humanistyki i nauk o sztuce 18 &#8211; 19 pa\u017adziernika 2023 r. Konferencja wie\u0144cz\u0105ca projekt DARIAH-PL odb\u0119dzie si\u0119 w Centrum Badawczym Polskiego [&hellip;]\" \/>\n<meta property=\"og:url\" content=\"https:\/\/lab.dariah.pl\/en\/konferencja\/\" \/>\n<meta property=\"og:site_name\" content=\"Dariah.lab\" \/>\n<meta property=\"article:modified_time\" content=\"2023-10-02T07:16:31+00:00\" \/>\n<meta property=\"og:image\" content=\"https:\/\/lab.dariah.pl\/wp-content\/uploads\/2023\/07\/Naglowek-Konferencja-1.png\" \/>\n<meta name=\"twitter:card\" content=\"summary_large_image\" \/>\n<meta name=\"twitter:label1\" content=\"Est. reading time\" \/>\n\t<meta name=\"twitter:data1\" content=\"4 minutes\" \/>\n<script type=\"application\/ld+json\" class=\"yoast-schema-graph\">{\"@context\":\"https:\\\/\\\/schema.org\",\"@graph\":[{\"@type\":\"WebPage\",\"@id\":\"https:\\\/\\\/lab.dariah.pl\\\/en\\\/konferencja\\\/\",\"url\":\"https:\\\/\\\/lab.dariah.pl\\\/en\\\/konferencja\\\/\",\"name\":\"Konferencja - Dariah.lab\",\"isPartOf\":{\"@id\":\"https:\\\/\\\/lab.dariah.pl\\\/#website\"},\"primaryImageOfPage\":{\"@id\":\"https:\\\/\\\/lab.dariah.pl\\\/en\\\/konferencja\\\/#primaryimage\"},\"image\":{\"@id\":\"https:\\\/\\\/lab.dariah.pl\\\/en\\\/konferencja\\\/#primaryimage\"},\"thumbnailUrl\":\"https:\\\/\\\/lab.dariah.pl\\\/wp-content\\\/uploads\\\/2023\\\/07\\\/Naglowek-Konferencja-1.png\",\"datePublished\":\"2023-07-14T11:17:46+00:00\",\"dateModified\":\"2023-10-02T07:16:31+00:00\",\"breadcrumb\":{\"@id\":\"https:\\\/\\\/lab.dariah.pl\\\/en\\\/konferencja\\\/#breadcrumb\"},\"inLanguage\":\"en-US\",\"potentialAction\":[{\"@type\":\"ReadAction\",\"target\":[\"https:\\\/\\\/lab.dariah.pl\\\/en\\\/konferencja\\\/\"]}]},{\"@type\":\"ImageObject\",\"inLanguage\":\"en-US\",\"@id\":\"https:\\\/\\\/lab.dariah.pl\\\/en\\\/konferencja\\\/#primaryimage\",\"url\":\"https:\\\/\\\/lab.dariah.pl\\\/wp-content\\\/uploads\\\/2023\\\/07\\\/Naglowek-Konferencja-1.png\",\"contentUrl\":\"https:\\\/\\\/lab.dariah.pl\\\/wp-content\\\/uploads\\\/2023\\\/07\\\/Naglowek-Konferencja-1.png\",\"width\":2560,\"height\":896},{\"@type\":\"BreadcrumbList\",\"@id\":\"https:\\\/\\\/lab.dariah.pl\\\/en\\\/konferencja\\\/#breadcrumb\",\"itemListElement\":[{\"@type\":\"ListItem\",\"position\":1,\"name\":\"Home\",\"item\":\"https:\\\/\\\/lab.dariah.pl\\\/en\\\/\"},{\"@type\":\"ListItem\",\"position\":2,\"name\":\"Konferencja\"}]},{\"@type\":\"WebSite\",\"@id\":\"https:\\\/\\\/lab.dariah.pl\\\/#website\",\"url\":\"https:\\\/\\\/lab.dariah.pl\\\/\",\"name\":\"Dariah.lab\",\"description\":\"\",\"publisher\":{\"@id\":\"https:\\\/\\\/lab.dariah.pl\\\/#organization\"},\"potentialAction\":[{\"@type\":\"SearchAction\",\"target\":{\"@type\":\"EntryPoint\",\"urlTemplate\":\"https:\\\/\\\/lab.dariah.pl\\\/?s={search_term_string}\"},\"query-input\":{\"@type\":\"PropertyValueSpecification\",\"valueRequired\":true,\"valueName\":\"search_term_string\"}}],\"inLanguage\":\"en-US\"},{\"@type\":\"Organization\",\"@id\":\"https:\\\/\\\/lab.dariah.pl\\\/#organization\",\"name\":\"Dariah.lab\",\"url\":\"https:\\\/\\\/lab.dariah.pl\\\/\",\"logo\":{\"@type\":\"ImageObject\",\"inLanguage\":\"en-US\",\"@id\":\"https:\\\/\\\/lab.dariah.pl\\\/#\\\/schema\\\/logo\\\/image\\\/\",\"url\":\"https:\\\/\\\/lab.dariah.pl\\\/wp-content\\\/uploads\\\/2021\\\/04\\\/logo-1.png\",\"contentUrl\":\"https:\\\/\\\/lab.dariah.pl\\\/wp-content\\\/uploads\\\/2021\\\/04\\\/logo-1.png\",\"width\":181,\"height\":33,\"caption\":\"Dariah.lab\"},\"image\":{\"@id\":\"https:\\\/\\\/lab.dariah.pl\\\/#\\\/schema\\\/logo\\\/image\\\/\"}}]}<\/script>\n<!-- \/ Yoast SEO plugin. -->","yoast_head_json":{"title":"Konferencja - Dariah.lab","robots":{"index":"index","follow":"follow","max-snippet":"max-snippet:-1","max-image-preview":"max-image-preview:large","max-video-preview":"max-video-preview:-1"},"canonical":"https:\/\/lab.dariah.pl\/en\/konferencja\/","og_locale":"en_US","og_type":"article","og_title":"Konferencja - Dariah.lab","og_description":"Konferencja projektu DARIAH-PL Dariah.lab \u2013 cyfrowa infrastruktura badawcza dla humanistyki i nauk o sztuce 18 &#8211; 19 pa\u017adziernika 2023 r. Konferencja wie\u0144cz\u0105ca projekt DARIAH-PL odb\u0119dzie si\u0119 w Centrum Badawczym Polskiego [&hellip;]","og_url":"https:\/\/lab.dariah.pl\/en\/konferencja\/","og_site_name":"Dariah.lab","article_modified_time":"2023-10-02T07:16:31+00:00","og_image":[{"url":"https:\/\/lab.dariah.pl\/wp-content\/uploads\/2023\/07\/Naglowek-Konferencja-1.png","type":"","width":"","height":""}],"twitter_card":"summary_large_image","twitter_misc":{"Est. reading time":"4 minutes"},"schema":{"@context":"https:\/\/schema.org","@graph":[{"@type":"WebPage","@id":"https:\/\/lab.dariah.pl\/en\/konferencja\/","url":"https:\/\/lab.dariah.pl\/en\/konferencja\/","name":"Konferencja - Dariah.lab","isPartOf":{"@id":"https:\/\/lab.dariah.pl\/#website"},"primaryImageOfPage":{"@id":"https:\/\/lab.dariah.pl\/en\/konferencja\/#primaryimage"},"image":{"@id":"https:\/\/lab.dariah.pl\/en\/konferencja\/#primaryimage"},"thumbnailUrl":"https:\/\/lab.dariah.pl\/wp-content\/uploads\/2023\/07\/Naglowek-Konferencja-1.png","datePublished":"2023-07-14T11:17:46+00:00","dateModified":"2023-10-02T07:16:31+00:00","breadcrumb":{"@id":"https:\/\/lab.dariah.pl\/en\/konferencja\/#breadcrumb"},"inLanguage":"en-US","potentialAction":[{"@type":"ReadAction","target":["https:\/\/lab.dariah.pl\/en\/konferencja\/"]}]},{"@type":"ImageObject","inLanguage":"en-US","@id":"https:\/\/lab.dariah.pl\/en\/konferencja\/#primaryimage","url":"https:\/\/lab.dariah.pl\/wp-content\/uploads\/2023\/07\/Naglowek-Konferencja-1.png","contentUrl":"https:\/\/lab.dariah.pl\/wp-content\/uploads\/2023\/07\/Naglowek-Konferencja-1.png","width":2560,"height":896},{"@type":"BreadcrumbList","@id":"https:\/\/lab.dariah.pl\/en\/konferencja\/#breadcrumb","itemListElement":[{"@type":"ListItem","position":1,"name":"Home","item":"https:\/\/lab.dariah.pl\/en\/"},{"@type":"ListItem","position":2,"name":"Konferencja"}]},{"@type":"WebSite","@id":"https:\/\/lab.dariah.pl\/#website","url":"https:\/\/lab.dariah.pl\/","name":"Dariah.lab","description":"","publisher":{"@id":"https:\/\/lab.dariah.pl\/#organization"},"potentialAction":[{"@type":"SearchAction","target":{"@type":"EntryPoint","urlTemplate":"https:\/\/lab.dariah.pl\/?s={search_term_string}"},"query-input":{"@type":"PropertyValueSpecification","valueRequired":true,"valueName":"search_term_string"}}],"inLanguage":"en-US"},{"@type":"Organization","@id":"https:\/\/lab.dariah.pl\/#organization","name":"Dariah.lab","url":"https:\/\/lab.dariah.pl\/","logo":{"@type":"ImageObject","inLanguage":"en-US","@id":"https:\/\/lab.dariah.pl\/#\/schema\/logo\/image\/","url":"https:\/\/lab.dariah.pl\/wp-content\/uploads\/2021\/04\/logo-1.png","contentUrl":"https:\/\/lab.dariah.pl\/wp-content\/uploads\/2021\/04\/logo-1.png","width":181,"height":33,"caption":"Dariah.lab"},"image":{"@id":"https:\/\/lab.dariah.pl\/#\/schema\/logo\/image\/"}}]}},"meta_box":[],"_links":{"self":[{"href":"https:\/\/lab.dariah.pl\/wp-json\/wp\/v2\/pages\/2288","targetHints":{"allow":["GET"]}}],"collection":[{"href":"https:\/\/lab.dariah.pl\/wp-json\/wp\/v2\/pages"}],"about":[{"href":"https:\/\/lab.dariah.pl\/wp-json\/wp\/v2\/types\/page"}],"author":[{"embeddable":true,"href":"https:\/\/lab.dariah.pl\/wp-json\/wp\/v2\/users\/2"}],"replies":[{"embeddable":true,"href":"https:\/\/lab.dariah.pl\/wp-json\/wp\/v2\/comments?post=2288"}],"version-history":[{"count":6,"href":"https:\/\/lab.dariah.pl\/wp-json\/wp\/v2\/pages\/2288\/revisions"}],"predecessor-version":[{"id":2554,"href":"https:\/\/lab.dariah.pl\/wp-json\/wp\/v2\/pages\/2288\/revisions\/2554"}],"wp:attachment":[{"href":"https:\/\/lab.dariah.pl\/wp-json\/wp\/v2\/media?parent=2288"}],"curies":[{"name":"wp","href":"https:\/\/api.w.org\/{rel}","templated":true}]}}