{"id":2581,"date":"2023-10-25T13:34:31","date_gmt":"2023-10-25T13:34:31","guid":{"rendered":"https:\/\/lab.dariah.pl\/?page_id=2581"},"modified":"2023-11-20T08:43:09","modified_gmt":"2023-11-20T08:43:09","slug":"seminarium","status":"publish","type":"page","link":"https:\/\/lab.dariah.pl\/en\/seminarium\/","title":{"rendered":"Seminar"},"content":{"rendered":"\n<div class=\"wp-block-cover alignfull\"><span aria-hidden=\"true\" class=\"wp-block-cover__background has-background-dim-0 has-background-dim\"><\/span><img loading=\"lazy\" decoding=\"async\" width=\"2560\" height=\"896\" class=\"wp-block-cover__image-background wp-image-2592\" alt=\"\" src=\"https:\/\/lab.dariah.pl\/wp-content\/uploads\/2023\/10\/Naglowek-Konferencja-2.jpg\" data-object-fit=\"cover\" srcset=\"https:\/\/lab.dariah.pl\/wp-content\/uploads\/2023\/10\/Naglowek-Konferencja-2.jpg 2560w, https:\/\/lab.dariah.pl\/wp-content\/uploads\/2023\/10\/Naglowek-Konferencja-2-300x105.jpg 300w, https:\/\/lab.dariah.pl\/wp-content\/uploads\/2023\/10\/Naglowek-Konferencja-2-1024x358.jpg 1024w, https:\/\/lab.dariah.pl\/wp-content\/uploads\/2023\/10\/Naglowek-Konferencja-2-768x269.jpg 768w, https:\/\/lab.dariah.pl\/wp-content\/uploads\/2023\/10\/Naglowek-Konferencja-2-1536x538.jpg 1536w, https:\/\/lab.dariah.pl\/wp-content\/uploads\/2023\/10\/Naglowek-Konferencja-2-2048x717.jpg 2048w\" sizes=\"auto, (max-width: 2560px) 100vw, 2560px\" \/><div class=\"wp-block-cover__inner-container is-layout-flow wp-block-cover-is-layout-flow\">\n<p class=\"w900 has-huge-font-size\"><\/p>\n<\/div><\/div>\n\n\n<div class=\"breadcrumb\"><a href=\"https:\/\/lab.dariah.pl\">Start<\/a> \/ <strong>Seminar<\/strong><\/div>\n\n\n\n<h1 class=\"wp-block-heading\">Open seminar &#8220;Season for Digital Humanities&#8221;<\/h1>\n\n\n\n<h2 class=\"wp-block-heading\">Presentation by Poznan-based partners of DARIAH-PL project:  AMU, PUT,  IBL PAS and PSNC<\/h2>\n\n\n\n<h3 class=\"wp-block-heading\">Pozna\u0144, November 21-22, 2023<\/h3>\n\n\n\n<p>The goal of \u201cSeason for Digital Humanities\u201d seminar &nbsp;is to present <a href=\"https:\/\/lab.dariah.pl\/en\/infrastructure\/about-infrastructure\/\">Dariah.lab<\/a> infrastructure as a result of \u201c<a href=\"https:\/\/lab.dariah.pl\/en\/project\/about-project\/\">DARIAH-PL &#8211; Digital Research Infrastructure for the Humanities and Arts<\/a>\u201d project. All Poznan-based partners of the project\u2019s consortium &#8211; Adam Mickiewicz University, Poznan University of Technology, Institute of Literary Research of the Polish Academy of Sciences and the Poznan Supercomputing and Networking Center &#8211; will present results of their work. &nbsp; Since the project also provides resources and tools specifically related to the Wielkopolska region, the presentation will include instances of such resources, &nbsp;for example a unique <a href=\"https:\/\/lab.dariah.pl\/en\/aktualnosci\/kaliszanin-digital-collection-of-a-xix-century-periodical-on-researchers-desk\/\">digital repository of the Kaliszanin &nbsp;newspaper<\/a>, acquired from the archives of the Russian censorship at the Library in St Petersburg, archival ethnomusicological &nbsp;recordings from fieldwork in the region, or <a href=\"https:\/\/lab.dariah.pl\/en\/aktualnosci\/digital-documentation-of-palace-in-turew\/\">digital documentation of the palace in Turew<\/a>.<\/p>\n\n\n\n<div class=\"wp-block-columns is-layout-flex wp-container-core-columns-is-layout-9d6595d7 wp-block-columns-is-layout-flex\">\n<div class=\"wp-block-column is-layout-flow wp-block-column-is-layout-flow\">\n<figure class=\"wp-block-image size-medium\"><img loading=\"lazy\" decoding=\"async\" width=\"300\" height=\"200\" src=\"https:\/\/lab.dariah.pl\/wp-content\/uploads\/2023\/09\/512px-Collegium_Minus_w_Poznaniu-300x200.jpg\" alt=\"\" class=\"wp-image-2534\" srcset=\"https:\/\/lab.dariah.pl\/wp-content\/uploads\/2023\/09\/512px-Collegium_Minus_w_Poznaniu-300x200.jpg 300w, https:\/\/lab.dariah.pl\/wp-content\/uploads\/2023\/09\/512px-Collegium_Minus_w_Poznaniu.jpg 512w\" sizes=\"auto, (max-width: 300px) 100vw, 300px\" \/><figcaption class=\"wp-element-caption\">Collegium Minus AMU (photo K. Duda)<\/figcaption><\/figure>\n<\/div>\n\n\n\n<div class=\"wp-block-column is-layout-flow wp-block-column-is-layout-flow\">\n<figure class=\"wp-block-image size-medium is-resized\"><img loading=\"lazy\" decoding=\"async\" width=\"300\" height=\"169\" src=\"https:\/\/lab.dariah.pl\/wp-content\/uploads\/2023\/10\/ichb-300x169.jpg\" alt=\"\" class=\"wp-image-2556\" style=\"width:undefinedpx;height:200px\" srcset=\"https:\/\/lab.dariah.pl\/wp-content\/uploads\/2023\/10\/ichb-300x169.jpg 300w, https:\/\/lab.dariah.pl\/wp-content\/uploads\/2023\/10\/ichb-768x432.jpg 768w, https:\/\/lab.dariah.pl\/wp-content\/uploads\/2023\/10\/ichb.jpg 800w\" sizes=\"auto, (max-width: 300px) 100vw, 300px\" \/><figcaption class=\"wp-element-caption\">IBL PAS, Wieniawskiego 17\/19 (photo M. Wo\u017aniak)<\/figcaption><\/figure>\n<\/div>\n<\/div>\n\n\n\n<div class=\"wp-block-columns is-layout-flex wp-container-core-columns-is-layout-9d6595d7 wp-block-columns-is-layout-flex\">\n<div class=\"wp-block-column is-layout-flow wp-block-column-is-layout-flow\">\n<figure class=\"wp-block-image size-medium\"><img loading=\"lazy\" decoding=\"async\" width=\"300\" height=\"200\" src=\"https:\/\/lab.dariah.pl\/wp-content\/uploads\/2023\/09\/PP_CW-300x200.jpg\" alt=\"\" class=\"wp-image-2463\" srcset=\"https:\/\/lab.dariah.pl\/wp-content\/uploads\/2023\/09\/PP_CW-300x200.jpg 300w, https:\/\/lab.dariah.pl\/wp-content\/uploads\/2023\/09\/PP_CW-1024x681.jpg 1024w, https:\/\/lab.dariah.pl\/wp-content\/uploads\/2023\/09\/PP_CW-768x511.jpg 768w, https:\/\/lab.dariah.pl\/wp-content\/uploads\/2023\/09\/PP_CW-1536x1022.jpg 1536w, https:\/\/lab.dariah.pl\/wp-content\/uploads\/2023\/09\/PP_CW.jpg 1623w\" sizes=\"auto, (max-width: 300px) 100vw, 300px\" \/><figcaption class=\"wp-element-caption\">PUT Lecture Center <\/figcaption><\/figure>\n<\/div>\n\n\n\n<div class=\"wp-block-column is-layout-flow wp-block-column-is-layout-flow\">\n<figure class=\"wp-block-image size-medium\"><img loading=\"lazy\" decoding=\"async\" width=\"300\" height=\"200\" src=\"https:\/\/lab.dariah.pl\/wp-content\/uploads\/2023\/09\/CBPIO-1-300x200.jpg\" alt=\"\" class=\"wp-image-2466\" srcset=\"https:\/\/lab.dariah.pl\/wp-content\/uploads\/2023\/09\/CBPIO-1-300x200.jpg 300w, https:\/\/lab.dariah.pl\/wp-content\/uploads\/2023\/09\/CBPIO-1.jpg 680w\" sizes=\"auto, (max-width: 300px) 100vw, 300px\" \/><figcaption class=\"wp-element-caption\">CBPIO &#8211; PSNC headquarters<\/figcaption><\/figure>\n<\/div>\n<\/div>\n\n\n\n<p>The invitation to the seminar is addressed to the entire academic community associated with the humanities in its broadest sense and the development of technologies for the humanities, as well as music librarians, archivists, lyricists, translators, students, learners, enthusiasts of new technologies and digital humanities, the community of the city of Poznan and the surrounding area.<\/p>\n\n\n\n<p>The seminar will include a lecture part, as well as demonstrations of Dariah.lab laboratories at the UAM, PUT, IBL PAS and PSNC. All presentations will be delivered in Polish. <\/p>\n\n\n\n<div class=\"wp-block-columns is-layout-flex wp-container-core-columns-is-layout-9d6595d7 wp-block-columns-is-layout-flex\">\n<div class=\"wp-block-column is-layout-flow wp-block-column-is-layout-flow\">\n<iframe loading=\"lazy\" src=\"https:\/\/www.google.com\/maps\/d\/embed?mid=1QujjcaAed6GouyW2QDY74WJ6zUeyWCA&#038;ehbc=2E312F&#038;noprof=1\" width=\"640\" height=\"480\"><\/iframe>\n<\/div>\n<\/div>\n\n\n\n<h2 class=\"wp-block-heading\">Seminar agenda<\/h2>\n\n\n\n<h3 class=\"wp-block-heading\">November 21, 2023<\/h3>\n\n\n\n<p><strong>09:00 &#8211; 15:00<\/strong> <strong>Dariah.lab presentation in Collegium Minus,<\/strong> <strong>ul Wieniawskiego 1<\/strong>, <strong>Lubra\u0144ski<\/strong> <strong>Auditorium<\/strong><\/p>\n\n\n\n<table>\n<tbody>\n<tr>\n<td width=15%>08:00 &#8211; 09:00<\/td>\n<td>Registration\n<\/tr>\n<tr>\n<td width=15%>09:00 &#8211; 09:10<\/td>\n<td><b>Welcome and introduction<\/b><\/td>\n<\/tr>\n<tr>\n<td>09:10 &#8211; 09:20<\/td>\n<td style=\"font-weight:bold;\">Dariah.lab &#8211; Digital Research Infrastructure for the Arts and Humanities<\/td>\n<\/tr>\n<tr>\n<td style=\"vertical-align: top;\">09:20 &#8211; 11:00<\/td>\n<td style=\"font-weight:bold;\">Six DARIAH-PL infrastructure modules at AMU\n<\/td>\n<\/tr>\n<tr>\n<td>11:00 &#8211; 11:30 <\/td>\n<td>Coffee break<\/td>\n<\/tr>\n<tr>\n<td>11:30 &#8211; 12:15<\/td>\n<td style=\"font-weight:bold;\">MusicPUT &#8211; Dariah.lab internet tools for musicological research at the Poznan University of Technology<\/td>\n<\/tr>\n<tr>\n<td>12:15 &#8211; 12:45<\/td>\n<td style=\"font-weight:bold;\">Tools and resources for cultural and literary research &#8211; IBL PAN portfolio<\/td>\n<\/tr>\n<tr>\n<td>12:45 &#8211; 13:15<\/td>\n<td>Coffee break<\/td>\n<\/tr>\n<tr>\n<td>13:15 &#8211; 13:45<\/td>\n<td style=\"font-weight:bold;\">Digitisation of cultural assets, their visualisation and presentation &#8211; PSNC services<\/td>\n<\/tr>\n<tr>\n<td>13:45 &#8211; 14:00<\/td>\n<td style=\"font-weight:bold;\">Practical information on the use of Dariah.lab infrastructure<\/td>\n<\/tr>\n<tr>\n<td>14:00 &#8211; 15:00<\/td>\n<td>Summary and discussion<\/td>\n<\/tr>\n<tr>\n<td>15:00 &#8211; 16:30 <\/td>\n<td>Dinner<\/td>\n<\/tr>\n<\/tbody>\n<\/table>\n\n\n\n<h3 class=\"wp-block-heading\">November 22, 2023<\/h3>\n\n\n\n<p><strong>09:00 &#8211; 14:00<\/strong>  Dariah.lab laboratories demonstrations in various locations, assembly times. <strong>09:00, 10:30 and 12:00<\/strong><\/p>\n\n\n\n<h4 class=\"wp-block-heading\"><strong>Adama Mickiewicza<\/strong> <strong>University<\/strong><\/h4>\n\n\n\n<ul class=\"wp-block-list\">\n<li><strong>MULTICO <\/strong>&#8211; <strong>rejestracja komunikacji multimodalnej: audio, wideo, ruch w komunikacji <\/strong>&#8211; Collegium Novum, Al. Niepodleg\u0142o\u015bci 4<\/li>\n\n\n\n<li><strong>HANOI &#8211; inteligentne skanowanie i analiza notatek r\u0119cznych t\u0142umaczy<\/strong> &#8211; Collegium Heliodori \u015awi\u0119cicki  ul. Grunwaldzka 6<\/li>\n\n\n\n<li><strong>LINGUOMUSA &#8211; narz\u0119dzia analizy muzyki, mowy i gestu<\/strong> &#8211; Collegium Historicum, Kampus Morasko, ul. Uniwersytetu Pozna\u0144skiego 7<\/li>\n\n\n\n<li><strong>Archiwum Audiowizualne Wydzia\u0142u Nauk o Sztuce<\/strong> &#8211; Collegium Historicum, Kampus Morasko, ul. Uniwersytetu Pozna\u0144skiego 7<\/li>\n<\/ul>\n\n\n\n<p><strong>Institute of Literary Research<\/strong> <strong>PAS &#8211; ul. Wieniawskiego 17\/19 <\/strong><\/p>\n\n\n\n<ul class=\"wp-block-list\">\n<li>Poprawa jako\u015bci danych i publikacji humanistycznych (standardy FAIR)<\/li>\n\n\n\n<li>Tworzenie mi\u0119dzynarodowych zasob\u00f3w bibliograficznych dla bada\u0144 literackich<\/li>\n\n\n\n<li>Organizacja danych o kulturze<\/li>\n\n\n\n<li>Narz\u0119dzia analizy danych literackich<\/li>\n<\/ul>\n\n\n\n<p><strong>Poznan University of Technolog &#8211; Centrum Wyk\u0142adowe ul. Piotrowo 2<\/strong><\/p>\n\n\n\n<ul class=\"wp-block-list\">\n<li><strong>ScoreScribe <\/strong>&#8211; automatyczna transkrypcja jednog\u0142osowych nagra\u0144 audio do postaci nutowej i format\u00f3w odczytywalnych maszynowo: MIDI, MusicXML, MEI, abc<\/li>\n\n\n\n<li><strong>Timbra <\/strong>&#8211; parametryzacja, wizualizacja i por\u00f3wnanie barwy d\u017awi\u0119ku<\/li>\n\n\n\n<li><strong>OMRAT <\/strong>&#8211; automatyczna anotacja dokument\u00f3w nutowych, rozpoznawanie zapisu nutowego wykorzystuj\u0105ce g\u0142\u0119bokie sieci neuronowe<\/li>\n\n\n\n<li><strong>GOST <\/strong>&#8211; automatyczne generowanie \u015bcie\u017cki muzycznej dla gier komputerowych<\/li>\n\n\n\n<li><strong>MEIconvert <\/strong>&#8211; narz\u0119dzie konwersji plik\u00f3w zapis\u00f3w muzycznych<\/li>\n<\/ul>\n\n\n\n<p><strong>Poznan Supercomputing and Networking Center &#8211; CBPIO ul. Jana Paw\u0142a II 10<\/strong><\/p>\n\n\n\n<ul class=\"wp-block-list\">\n<li>Modelowanie 3D zabytkowych obiekt\u00f3w<\/li>\n\n\n\n<li>Fotografia cyfrowa wysokiej jako\u015bci i jej zastosowanie do dokumentacji zabytk\u00f3w<\/li>\n\n\n\n<li>Systemy digitalizacji dokument\u00f3w <\/li>\n\n\n\n<li>Nowoczesne techniki rejestracji obrazu i d\u017awi\u0119ku (HD\/4K\/8K,  VR\/360\u00b0, stereoskopia 3D)<\/li>\n<\/ul>\n\n\n\n<p><a href=\"https:\/\/lab.dariah.pl\/wp-content\/uploads\/2023\/10\/sezon_na_humanistyke_cyfrowa.pdf\">Detailed agenda (pdf)<\/a> in Polish<\/p>\n\n\n\n<h2 class=\"wp-block-heading\">Registration<\/h2>\n\n\n\n<!--div>The event is open to public but for organizational purposes, please <a style=\"background: #688dcf;color: white; padding:5px; border-radius: 10px; cursor: pointer; font-decoration: none;\" href=\"https:\/\/docs.google.com\/forms\/d\/e\/1FAIpQLSdFOG_tALR1hjBwXpM-XsSvlD5j_ROjdgrqn45rnnePQY5LBg\/viewform?vc=0&c=0&w=1&flr=0&usp=mail_form_link\">register<\/a><\/div-->\n\n\n\n<p>Number of \u00a0participants registered for the event has already reached the limit set based on the number of seats available in the seminar room. We invite you to follow the live broadcast of the seminar, on November 21, starting at 9 am.<\/p>\n\n\n\n<h2 class=\"wp-block-heading\">Transmission<\/h2>\n\n\n\n<p>Dariah.lab presentation will be transmitted live on <a href=\"https:\/\/www.youtube.com\/@WNUAM\" target=\"_blank\" rel=\"noreferrer noopener\">Faculty of Modern Languages and Literature YouTube channel<\/a>.<\/p>\n","protected":false},"excerpt":{"rendered":"<p>Open seminar &#8220;Season for Digital Humanities&#8221; Presentation by Poznan-based partners of DARIAH-PL project: AMU, PUT, IBL PAS and PSNC Pozna\u0144, November 21-22, 2023 The goal of \u201cSeason for Digital Humanities\u201d [&hellip;]<\/p>\n","protected":false},"author":2,"featured_media":0,"parent":0,"menu_order":0,"comment_status":"closed","ping_status":"closed","template":"","meta":{"_locale":"en_US","_original_post":"https:\/\/lab.dariah.pl\/?page_id=2426","footnotes":""},"class_list":["post-2581","page","type-page","status-publish","hentry","en-US"],"yoast_head":"<!-- This site is optimized with the Yoast SEO plugin v27.4 - https:\/\/yoast.com\/product\/yoast-seo-wordpress\/ -->\n<title>Seminar - Dariah.lab<\/title>\n<meta name=\"robots\" content=\"index, follow, max-snippet:-1, max-image-preview:large, max-video-preview:-1\" \/>\n<link rel=\"canonical\" href=\"https:\/\/lab.dariah.pl\/en\/seminarium\/\" \/>\n<meta property=\"og:locale\" content=\"en_US\" \/>\n<meta property=\"og:type\" content=\"article\" \/>\n<meta property=\"og:title\" content=\"Seminar - Dariah.lab\" \/>\n<meta property=\"og:description\" content=\"Open seminar &#8220;Season for Digital Humanities&#8221; Presentation by Poznan-based partners of DARIAH-PL project: AMU, PUT, IBL PAS and PSNC Pozna\u0144, November 21-22, 2023 The goal of \u201cSeason for Digital Humanities\u201d [&hellip;]\" \/>\n<meta property=\"og:url\" content=\"https:\/\/lab.dariah.pl\/en\/seminarium\/\" \/>\n<meta property=\"og:site_name\" content=\"Dariah.lab\" \/>\n<meta property=\"article:modified_time\" content=\"2023-11-20T08:43:09+00:00\" \/>\n<meta property=\"og:image\" content=\"https:\/\/lab.dariah.pl\/wp-content\/uploads\/2023\/10\/Naglowek-Konferencja-2.jpg\" \/>\n<meta name=\"twitter:card\" content=\"summary_large_image\" \/>\n<meta name=\"twitter:label1\" content=\"Est. reading time\" \/>\n\t<meta name=\"twitter:data1\" content=\"5 minutes\" \/>\n<script type=\"application\/ld+json\" class=\"yoast-schema-graph\">{\"@context\":\"https:\\\/\\\/schema.org\",\"@graph\":[{\"@type\":\"WebPage\",\"@id\":\"https:\\\/\\\/lab.dariah.pl\\\/en\\\/seminarium\\\/\",\"url\":\"https:\\\/\\\/lab.dariah.pl\\\/en\\\/seminarium\\\/\",\"name\":\"Seminar - Dariah.lab\",\"isPartOf\":{\"@id\":\"https:\\\/\\\/lab.dariah.pl\\\/#website\"},\"primaryImageOfPage\":{\"@id\":\"https:\\\/\\\/lab.dariah.pl\\\/en\\\/seminarium\\\/#primaryimage\"},\"image\":{\"@id\":\"https:\\\/\\\/lab.dariah.pl\\\/en\\\/seminarium\\\/#primaryimage\"},\"thumbnailUrl\":\"https:\\\/\\\/lab.dariah.pl\\\/wp-content\\\/uploads\\\/2023\\\/10\\\/Naglowek-Konferencja-2.jpg\",\"datePublished\":\"2023-10-25T13:34:31+00:00\",\"dateModified\":\"2023-11-20T08:43:09+00:00\",\"breadcrumb\":{\"@id\":\"https:\\\/\\\/lab.dariah.pl\\\/en\\\/seminarium\\\/#breadcrumb\"},\"inLanguage\":\"en-US\",\"potentialAction\":[{\"@type\":\"ReadAction\",\"target\":[\"https:\\\/\\\/lab.dariah.pl\\\/en\\\/seminarium\\\/\"]}]},{\"@type\":\"ImageObject\",\"inLanguage\":\"en-US\",\"@id\":\"https:\\\/\\\/lab.dariah.pl\\\/en\\\/seminarium\\\/#primaryimage\",\"url\":\"https:\\\/\\\/lab.dariah.pl\\\/wp-content\\\/uploads\\\/2023\\\/10\\\/Naglowek-Konferencja-2.jpg\",\"contentUrl\":\"https:\\\/\\\/lab.dariah.pl\\\/wp-content\\\/uploads\\\/2023\\\/10\\\/Naglowek-Konferencja-2.jpg\",\"width\":2560,\"height\":896},{\"@type\":\"BreadcrumbList\",\"@id\":\"https:\\\/\\\/lab.dariah.pl\\\/en\\\/seminarium\\\/#breadcrumb\",\"itemListElement\":[{\"@type\":\"ListItem\",\"position\":1,\"name\":\"Home\",\"item\":\"https:\\\/\\\/lab.dariah.pl\\\/en\\\/\"},{\"@type\":\"ListItem\",\"position\":2,\"name\":\"Seminar\"}]},{\"@type\":\"WebSite\",\"@id\":\"https:\\\/\\\/lab.dariah.pl\\\/#website\",\"url\":\"https:\\\/\\\/lab.dariah.pl\\\/\",\"name\":\"Dariah.lab\",\"description\":\"\",\"publisher\":{\"@id\":\"https:\\\/\\\/lab.dariah.pl\\\/#organization\"},\"potentialAction\":[{\"@type\":\"SearchAction\",\"target\":{\"@type\":\"EntryPoint\",\"urlTemplate\":\"https:\\\/\\\/lab.dariah.pl\\\/?s={search_term_string}\"},\"query-input\":{\"@type\":\"PropertyValueSpecification\",\"valueRequired\":true,\"valueName\":\"search_term_string\"}}],\"inLanguage\":\"en-US\"},{\"@type\":\"Organization\",\"@id\":\"https:\\\/\\\/lab.dariah.pl\\\/#organization\",\"name\":\"Dariah.lab\",\"url\":\"https:\\\/\\\/lab.dariah.pl\\\/\",\"logo\":{\"@type\":\"ImageObject\",\"inLanguage\":\"en-US\",\"@id\":\"https:\\\/\\\/lab.dariah.pl\\\/#\\\/schema\\\/logo\\\/image\\\/\",\"url\":\"https:\\\/\\\/lab.dariah.pl\\\/wp-content\\\/uploads\\\/2021\\\/04\\\/logo-1.png\",\"contentUrl\":\"https:\\\/\\\/lab.dariah.pl\\\/wp-content\\\/uploads\\\/2021\\\/04\\\/logo-1.png\",\"width\":181,\"height\":33,\"caption\":\"Dariah.lab\"},\"image\":{\"@id\":\"https:\\\/\\\/lab.dariah.pl\\\/#\\\/schema\\\/logo\\\/image\\\/\"}}]}<\/script>\n<!-- \/ Yoast SEO plugin. -->","yoast_head_json":{"title":"Seminar - Dariah.lab","robots":{"index":"index","follow":"follow","max-snippet":"max-snippet:-1","max-image-preview":"max-image-preview:large","max-video-preview":"max-video-preview:-1"},"canonical":"https:\/\/lab.dariah.pl\/en\/seminarium\/","og_locale":"en_US","og_type":"article","og_title":"Seminar - Dariah.lab","og_description":"Open seminar &#8220;Season for Digital Humanities&#8221; Presentation by Poznan-based partners of DARIAH-PL project: AMU, PUT, IBL PAS and PSNC Pozna\u0144, November 21-22, 2023 The goal of \u201cSeason for Digital Humanities\u201d [&hellip;]","og_url":"https:\/\/lab.dariah.pl\/en\/seminarium\/","og_site_name":"Dariah.lab","article_modified_time":"2023-11-20T08:43:09+00:00","og_image":[{"url":"https:\/\/lab.dariah.pl\/wp-content\/uploads\/2023\/10\/Naglowek-Konferencja-2.jpg","type":"","width":"","height":""}],"twitter_card":"summary_large_image","twitter_misc":{"Est. reading time":"5 minutes"},"schema":{"@context":"https:\/\/schema.org","@graph":[{"@type":"WebPage","@id":"https:\/\/lab.dariah.pl\/en\/seminarium\/","url":"https:\/\/lab.dariah.pl\/en\/seminarium\/","name":"Seminar - Dariah.lab","isPartOf":{"@id":"https:\/\/lab.dariah.pl\/#website"},"primaryImageOfPage":{"@id":"https:\/\/lab.dariah.pl\/en\/seminarium\/#primaryimage"},"image":{"@id":"https:\/\/lab.dariah.pl\/en\/seminarium\/#primaryimage"},"thumbnailUrl":"https:\/\/lab.dariah.pl\/wp-content\/uploads\/2023\/10\/Naglowek-Konferencja-2.jpg","datePublished":"2023-10-25T13:34:31+00:00","dateModified":"2023-11-20T08:43:09+00:00","breadcrumb":{"@id":"https:\/\/lab.dariah.pl\/en\/seminarium\/#breadcrumb"},"inLanguage":"en-US","potentialAction":[{"@type":"ReadAction","target":["https:\/\/lab.dariah.pl\/en\/seminarium\/"]}]},{"@type":"ImageObject","inLanguage":"en-US","@id":"https:\/\/lab.dariah.pl\/en\/seminarium\/#primaryimage","url":"https:\/\/lab.dariah.pl\/wp-content\/uploads\/2023\/10\/Naglowek-Konferencja-2.jpg","contentUrl":"https:\/\/lab.dariah.pl\/wp-content\/uploads\/2023\/10\/Naglowek-Konferencja-2.jpg","width":2560,"height":896},{"@type":"BreadcrumbList","@id":"https:\/\/lab.dariah.pl\/en\/seminarium\/#breadcrumb","itemListElement":[{"@type":"ListItem","position":1,"name":"Home","item":"https:\/\/lab.dariah.pl\/en\/"},{"@type":"ListItem","position":2,"name":"Seminar"}]},{"@type":"WebSite","@id":"https:\/\/lab.dariah.pl\/#website","url":"https:\/\/lab.dariah.pl\/","name":"Dariah.lab","description":"","publisher":{"@id":"https:\/\/lab.dariah.pl\/#organization"},"potentialAction":[{"@type":"SearchAction","target":{"@type":"EntryPoint","urlTemplate":"https:\/\/lab.dariah.pl\/?s={search_term_string}"},"query-input":{"@type":"PropertyValueSpecification","valueRequired":true,"valueName":"search_term_string"}}],"inLanguage":"en-US"},{"@type":"Organization","@id":"https:\/\/lab.dariah.pl\/#organization","name":"Dariah.lab","url":"https:\/\/lab.dariah.pl\/","logo":{"@type":"ImageObject","inLanguage":"en-US","@id":"https:\/\/lab.dariah.pl\/#\/schema\/logo\/image\/","url":"https:\/\/lab.dariah.pl\/wp-content\/uploads\/2021\/04\/logo-1.png","contentUrl":"https:\/\/lab.dariah.pl\/wp-content\/uploads\/2021\/04\/logo-1.png","width":181,"height":33,"caption":"Dariah.lab"},"image":{"@id":"https:\/\/lab.dariah.pl\/#\/schema\/logo\/image\/"}}]}},"meta_box":[],"_links":{"self":[{"href":"https:\/\/lab.dariah.pl\/wp-json\/wp\/v2\/pages\/2581","targetHints":{"allow":["GET"]}}],"collection":[{"href":"https:\/\/lab.dariah.pl\/wp-json\/wp\/v2\/pages"}],"about":[{"href":"https:\/\/lab.dariah.pl\/wp-json\/wp\/v2\/types\/page"}],"author":[{"embeddable":true,"href":"https:\/\/lab.dariah.pl\/wp-json\/wp\/v2\/users\/2"}],"replies":[{"embeddable":true,"href":"https:\/\/lab.dariah.pl\/wp-json\/wp\/v2\/comments?post=2581"}],"version-history":[{"count":11,"href":"https:\/\/lab.dariah.pl\/wp-json\/wp\/v2\/pages\/2581\/revisions"}],"predecessor-version":[{"id":2729,"href":"https:\/\/lab.dariah.pl\/wp-json\/wp\/v2\/pages\/2581\/revisions\/2729"}],"wp:attachment":[{"href":"https:\/\/lab.dariah.pl\/wp-json\/wp\/v2\/media?parent=2581"}],"curies":[{"name":"wp","href":"https:\/\/api.w.org\/{rel}","templated":true}]}}